{"id":71440,"date":"2024-04-05T18:04:00","date_gmt":"2024-04-05T18:04:00","guid":{"rendered":"https:\/\/kimainmobiliaria.multiplikate.es\/?page_id=71440"},"modified":"2024-09-24T12:09:34","modified_gmt":"2024-09-24T12:09:34","slug":"barcos-en-alquiler","status":"publish","type":"page","link":"https:\/\/kimainmobiliaria.com\/index.php\/barcos-en-alquiler\/","title":{"rendered":"Barcos en alquiler"},"content":{"rendered":"<p>[et_pb_section fb_built=&#8221;1&#8243; custom_padding_last_edited=&#8221;on|phone&#8221; _builder_version=&#8221;4.25.1&#8243; background_image=&#8221;https:\/\/kimainmobiliaria.com\/wp-content\/uploads\/2024\/05\/Screenshot_20240430_102719_Google-scaled.jpg&#8221; background_position=&#8221;top_right&#8221; background_video_width=&#8221;3000&#8243; background_video_height=&#8221;3000&#8243; custom_padding=&#8221;90px||81px||false|&#8221; custom_padding_tablet=&#8221;90px||229px||false|&#8221; custom_padding_phone=&#8221;90px||154px||false|&#8221; animation_style=&#8221;fade&#8221; locked=&#8221;off&#8221; global_colors_info=&#8221;{}&#8221;][et_pb_row use_custom_gutter=&#8221;on&#8221; gutter_width=&#8221;2&#8243; make_equal=&#8221;on&#8221; _builder_version=&#8221;4.24.2&#8243; width=&#8221;96%&#8221; width_tablet=&#8221;90%&#8221; width_phone=&#8221;90%&#8221; width_last_edited=&#8221;on|desktop&#8221; max_width=&#8221;1200px&#8221; max_width_tablet=&#8221;90%&#8221; max_width_phone=&#8221;90%&#8221; max_width_last_edited=&#8221;on|tablet&#8221; global_colors_info=&#8221;{}&#8221;][et_pb_column type=&#8221;4_4&#8243; _builder_version=&#8221;4.16&#8243; custom_padding=&#8221;|||&#8221; global_colors_info=&#8221;{}&#8221; custom_padding__hover=&#8221;|||&#8221;][et_pb_text _builder_version=&#8221;4.27.0&#8243; header_font=&#8221;|700|||||||&#8221; header_text_color=&#8221;#FFFFFF&#8221; header_font_size=&#8221;55px&#8221; header_line_height=&#8221;1.3em&#8221; custom_padding=&#8221;64px||&#8221; custom_padding_tablet=&#8221;&#8221; custom_padding_phone=&#8221;0px||&#8221; custom_padding_last_edited=&#8221;on|desktop&#8221; animation_style=&#8221;slide&#8221; animation_direction=&#8221;left&#8221; animation_duration=&#8221;1400ms&#8221; hover_enabled=&#8221;0&#8243; header_font_size_tablet=&#8221;&#8221; header_font_size_phone=&#8221;30px&#8221; header_font_size_last_edited=&#8221;on|desktop&#8221; global_colors_info=&#8221;{}&#8221; sticky_enabled=&#8221;0&#8243;]<\/p>\n<h1 style=\"text-align: center;\"><span>Kima Houses &amp; Boats<\/span><\/h1>\n<h1 style=\"text-align: center;\">Alquiler de Barcos<\/h1>\n<p>[\/et_pb_text][et_pb_text content_tablet=&#8221;<\/p>\n<p><span>En nuestra inmobiliaria encontrar\u00e1s todo tipo de viviendas y nosotros te ayudaremos a que encuentres la ideal para ti.<\/span><\/p>\n<p>&#8221; content_phone=&#8221;<\/p>\n<p style=%22text-align: justify;%22><span>En nuestra inmobiliaria encontrar\u00e1s todo tipo de viviendas y nosotros te ayudaremos a que encuentres la ideal para ti.<\/span><\/p>\n<p>&#8221; content_last_edited=&#8221;on|phone&#8221; _builder_version=&#8221;4.27.0&#8243; text_font=&#8221;Arimo||||||||&#8221; text_text_color=&#8221;#000000&#8243; text_font_size=&#8221;18px&#8221; text_line_height=&#8221;1.3em&#8221; header_font=&#8221;Quicksand||||||||&#8221; header_text_color=&#8221;#274069&#8243; header_font_size=&#8221;55px&#8221; header_line_height=&#8221;1.3em&#8221; custom_margin=&#8221;-9px||&#8221; custom_padding=&#8221;|4px||4px|false|true&#8221; animation_style=&#8221;slide&#8221; animation_direction=&#8221;left&#8221; animation_duration=&#8221;1400ms&#8221; hover_enabled=&#8221;0&#8243; background_color_phone=&#8221;rgba(255,255,255,0.61)&#8221; background_last_edited=&#8221;off|phone&#8221; background_enable_color_phone=&#8221;on&#8221; global_colors_info=&#8221;{}&#8221; background_color=&#8221;#FFFFFF&#8221; sticky_enabled=&#8221;0&#8243;]<\/p>\n<p style=\"text-align: justify;\">Descubre la opci\u00f3n perfecta para tu escapada mar\u00edtima con nosotros.<br \/>Con KIMA Alquiler de Barcos, podr\u00e1s alquilar tu propio barco y embarcarte en una experiencia \u00fanica en el mar.<\/p>\n<p style=\"text-align: justify;\">Nuestro equipo est\u00e1 aqu\u00ed para responder a cualquier pregunta que tengas y garantizar una experiencia sin complicaciones.<\/p>\n<p style=\"text-align: justify;\">\u00a1Prep\u00e1rate para una aventura inolvidable en el agua con KIMA Alquiler de Barcos!<\/p>\n<p>[\/et_pb_text][\/et_pb_column][\/et_pb_row][\/et_pb_section][et_pb_section fb_built=&#8221;1&#8243; _builder_version=&#8221;4.24.2&#8243; _module_preset=&#8221;default&#8221; global_colors_info=&#8221;{}&#8221;][et_pb_row _builder_version=&#8221;4.24.2&#8243; _module_preset=&#8221;default&#8221; global_colors_info=&#8221;{}&#8221;][et_pb_column type=&#8221;4_4&#8243; _builder_version=&#8221;4.24.2&#8243; _module_preset=&#8221;default&#8221; global_colors_info=&#8221;{}&#8221;][et_pb_text _builder_version=&#8221;4.24.3&#8243; _module_preset=&#8221;default&#8221; locked=&#8221;off&#8221; global_colors_info=&#8221;{}&#8221;]<\/p>\n<p><span>    <div data-search-form-selector='.js-es-search:not(.es-search--ignore-ajax)'>\n\n<div class=\"es-properties js-es-properties js-es-entities-wrap es-properties--hfm--full-width\">\n    \n    <div class=\"es-properties__list\">\n\t    \n<div class=\"es-listings__wrap-inner js-es-listings__wrap-inner js-es-entities__wrap_inner et_smooth_scroll_disabled\">\n    <div class=\"es-listings-filter js-es-listings-filter\">\n    \n        \n    <div class=\"es-listings-filter__selects\">\n                                                <div class=\"es-form\">\n                \n                               <div class='js-es-field es-field es-field__sort es-field--select '>\n                                   <label for='es-field-sort'><span class='es-field__label'>Ordenar por\n<\/span>\n\t\t\t<select id=\"es-field-sort\" name=\"sort\" class=\"js-es-sort es-field__input\" ><option value=\"newest\"  selected='selected'>El m\u00e1s nuevo\n<\/option><option value=\"lowest_price\" >El precio m\u00e1s bajo<\/option><option value=\"highest_price\" >Precio m\u00e1s alto<\/option><option value=\"largest_sq_ft\" >pies cuadrados m\u00e1s grandes\n<\/option><option value=\"bedrooms\" >Dormitorios<\/option><option value=\"bathrooms\" >Ba\u00f1os\n<\/option><\/select>\n\t\t<\/label>\n                               <\/div>\n                                       <\/div>\n                                                            <ul class=\"js-es-control--layouts es-control es-control--layouts\">\n    <li class=\"es-control__grid\">\n        <a href=\"\/index.php\/wp-json\/wp\/v2\/pages\/71440?layout=grid-3\" data-layout=\"grid-3\" class=\"js-es-change-layout es-btn es-btn--icon es-btn--gray es-btn--big es-btn--active\">\n            <span class=\"es-icon es-icon_grid\"><\/span>\n        <\/a>\n    <\/li>\n    <li class=\"es-control__list\">\n        <a href=\"\/index.php\/wp-json\/wp\/v2\/pages\/71440?layout=list\" data-layout=\"list\" class=\"js-es-change-layout es-btn es-btn--icon es-btn--gray es-btn--big \">\n            <span class=\"es-icon es-icon_grid-row\"><\/span>\n        <\/a>\n    <\/li>\n    <li class=\"es-control__hfm\">\n        <a href=\"\/index.php\/wp-json\/wp\/v2\/pages\/71440?layout=half_map\" data-layout=\"half_map\" class=\"js-es-change-layout es-btn es-btn--icon es-btn--gray es-btn--big \">\n            <span class=\"es-icon es-icon_marker\"><\/span>\n        <\/a>\n    <\/li>\n<\/ul>\n                        <\/div>\n<\/div>\n\n\n    <div data-entity=\"listings\" class=\"js-es-listings js-es-entities es-listings es-listings--grid-3\" data-layout=\"es-listings--grid-3\" data-hash=\"bGF5b3V0PWdyaWQtMyZwb3N0c19wZXJfcGFnZT00MCZkaXNhYmxlX25hdmJhcj0wJnNob3dfc29ydD0xJnNob3dfdG90YWw9MSZzaG93X3BhZ2VfdGl0bGU9MSZzaG93X2N1cnJlbmNpZXM9MCZzaG93X2NhdGVnb3JpZXM9MCZzaG93X2xheW91dHM9MSZzb3J0PW5ld2VzdCZsaW1pdD0xMDAmbG9vcF91aWQ9MSZwYWdlX3RpdGxlPUJhcmNvcyBlbiBhbHF1aWxlciZpZ25vcmVfc2VhcmNoPTAmc2VhcmNoX2Zvcm1fc2VsZWN0b3I9LmpzLWVzLXNlYXJjaDpub3QoLmVzLXNlYXJjaC0taWdub3JlLWFqYXgpJmVuYWJsZV9zZWFyY2g9MCZzZWFyY2hfdHlwZT1zaW1wbGUmZW5hYmxlX2FqYXg9MSZ2aWV3X2FsbF9saW5rX25hbWU9VmVyIHRvZG8mZGlzYWJsZV9wYWdpbmF0aW9uPTAmd2lzaGxpc3RfY29uZmlybT0wJmhmbV9mdWxsX3dpZHRoPTEmX2lnbm9yZV9jb29yZGluYXRlcz0wJmZpZWxkc19kZWxpbWl0ZXI9LCZzdHJpY3RfYWRkcmVzcz0wJm1hcF9zaG93PTAmYXV0aG9ycz0wJjA9ZXNfbXlfbGlzdGluZyZlc19jYXRlZ29yeT0xNDY=\">\n                                        <div id=\"post-71581\" class=\"post-71581 properties type-properties status-publish has-post-thumbnail hentry es_category-barcos-en-alquiler es-post-entity\">\n    <div class=\"js-es-listing es-listing es-listing--71581\" data-post-id=\"71581\">\n        \n<div class=\"es-listing__image\">\n            <div class=\"es-property__control es-listing--hide-on-list\">\n        \n<ul class=\"js-es-control es-control es-control--property-image\">\n\t        <li class=\"es-control__item es-control__item--compare\">\n\t\t\t                <a href=\"#\" data-popup-id=\"#es-authentication-popup\" class=\"es-btn__compare es-btn es-btn--default es-btn--small es-btn--icon js-es-popup-link\">\n                    <span class=\"es-icon es-icon_scales\"><\/span>\n                    <span class=\"es-btn__label\">Compare<\/span>\n                <\/a>\n\t\t\t\t\t\t        <\/li>\n\t\t        <li class=\"es-control__item es-control__item--wishlist\">\n\t\t\t            <a href=\"#\" data-popup-id=\"#es-authentication-popup\" class=\"es-btn__wishlist es-btn es-btn--default es-btn--small es-btn--icon js-es-popup-link\">\n\t\t\t\t                    <span class=\"es-icon es-icon_heart\"><\/span>\n                    <span class=\"es-btn__label\">Salvar\n<\/span>\n                <\/a>\n        <\/li>\n\t\t\t<\/ul>    <\/div>\n            <div class=\"es-listing__image__slider js-es-slick\" data-slick=\"{&quot;slidesToShow&quot;:1,&quot;dots&quot;:true,&quot;infinite&quot;:true,&quot;arrows&quot;:true,&quot;prevArrow&quot;:&quot;&lt;button class=&#039;slick-prev&#039;&gt;&lt;span class=&#039;es-icon es-icon_chevron-left slick-prev&#039;&gt;&lt;\\\/span&gt;&lt;\\\/button&gt;&quot;,&quot;nextArrow&quot;:&quot;&lt;button class=&#039;slick-next&#039;&gt;&lt;span class=&#039;es-icon es-icon_chevron-right slick-next&#039;&gt;&lt;\\\/span&gt;&lt;\\\/button&gt;&quot;,&quot;slide&quot;:&quot;div&quot;,&quot;rows&quot;:0,&quot;adaptiveHeight&quot;:true,&quot;dotsClass&quot;:&quot;es-slick-dots&quot;,&quot;lazyLoad&quot;:&quot;ondemand&quot;}\">\n                            <div>\n                    <a class=\"es-listings__image__link\"  href=\"https:\/\/kimainmobiliaria.com\/index.php\/property\/kraken-barco-en-alquiler-por-semanas\/\">\n                        <img title=\"Kraken Barco En Alquiler Por Semanas\" alt=\"Kraken Barco En Alquiler Por Semanas\" data-lazy=\"https:\/\/kimainmobiliaria.com\/wp-content\/uploads\/2024\/04\/IMG-20240417-WA0006-1024x768.jpg\"\/>\n                    <\/a>\n                <\/div>\n                            <div>\n                    <a class=\"es-listings__image__link\"  href=\"https:\/\/kimainmobiliaria.com\/index.php\/property\/kraken-barco-en-alquiler-por-semanas\/\">\n                        <img title=\"Kraken Barco En Alquiler Por Semanas\" alt=\"Kraken Barco En Alquiler Por Semanas\" data-lazy=\"https:\/\/kimainmobiliaria.com\/wp-content\/uploads\/2024\/04\/IMG-20240417-WA0008-768x1024.jpg\"\/>\n                    <\/a>\n                <\/div>\n                            <div>\n                    <a class=\"es-listings__image__link\"  href=\"https:\/\/kimainmobiliaria.com\/index.php\/property\/kraken-barco-en-alquiler-por-semanas\/\">\n                        <img title=\"Kraken Barco En Alquiler Por Semanas\" alt=\"Kraken Barco En Alquiler Por Semanas\" data-lazy=\"https:\/\/kimainmobiliaria.com\/wp-content\/uploads\/2024\/04\/IMG-20240417-WA0007-768x1024.jpg\"\/>\n                    <\/a>\n                <\/div>\n                            <div>\n                    <a class=\"es-listings__image__link\"  href=\"https:\/\/kimainmobiliaria.com\/index.php\/property\/kraken-barco-en-alquiler-por-semanas\/\">\n                        <img title=\"Kraken Barco En Alquiler Por Semanas\" alt=\"Kraken Barco En Alquiler Por Semanas\" data-lazy=\"https:\/\/kimainmobiliaria.com\/wp-content\/uploads\/2024\/04\/IMG-20240417-WA0009-768x1024.jpg\"\/>\n                    <\/a>\n                <\/div>\n                            <div>\n                    <a class=\"es-listings__image__link\"  href=\"https:\/\/kimainmobiliaria.com\/index.php\/property\/kraken-barco-en-alquiler-por-semanas\/\">\n                        <img title=\"Kraken Barco En Alquiler Por Semanas\" alt=\"Kraken Barco En Alquiler Por Semanas\" data-lazy=\"https:\/\/kimainmobiliaria.com\/wp-content\/uploads\/2024\/04\/IMG-20240417-WA0004-768x1024.jpg\"\/>\n                    <\/a>\n                <\/div>\n                    <\/div>\n    <\/div>\n \n        <div class=\"es-listing__content\">\n            <div class=\"es-listing__content__inner\">\n                <div class=\"es-listing__content__left\">\n                    <h1 class=\"es-listing__title\">\n                        <a href=\"https:\/\/kimainmobiliaria.com\/index.php\/property\/kraken-barco-en-alquiler-por-semanas\/\">ALQUILER EN PUERTO DEPORTIVO DE TOMAS MAESTRE<\/a><\/h1>                    <div class='es-badges es-listing--hide-on-list'>\n                        <span class=\"es-price\">\u20ac2,400<\/span><\/div>\n                    <div class=\"es-address es-listing--hide-on-grid\">ALQUILER EN PUERTO DEPORTIVO DE TOMAS MAESTRE<\/div>                        <p class=\"es-excerpt es-listing--hide-on-grid\">VELERO DE 10 METROS, BABARIA EASY 34\u00a0 9.7 X 3,4...<\/p>\n                    <ul class=\"es-listing__meta\">            <li class=\"es-listing__meta-bathrooms\">\n                                                            <svg width=\"16\" height=\"16\" viewBox=\"0 0 16 16\" fill=\"none\" xmlns=\"http:\/\/www.w3.org\/2000\/svg\">\n                                <g clip-path=\"url(#clip0)\">\n                                <path d=\"M15.3333 6.66667H14V2.33333C14 1.71449 13.7542 1.121 13.3166 0.683417C12.879 0.245833 12.2855 0 11.6667 0C11.0478 0 10.4543 0.245833 10.0168 0.683417C9.57917 1.121 9.33333 1.71449 9.33333 2.33333V2.66667H8.66667V4H11.3333V2.66667H10.6667V2.33333C10.6667 2.06812 10.772 1.81376 10.9596 1.62623C11.1471 1.43869 11.4015 1.33333 11.6667 1.33333C11.9319 1.33333 12.1862 1.43869 12.3738 1.62623C12.5613 1.81376 12.6667 2.06812 12.6667 2.33333V6.66667H3.33333V6H4V4.66667H2.66667C2.48986 4.66667 2.32029 4.7369 2.19526 4.86193C2.07024 4.98695 2 5.15652 2 5.33333V6.66667H0.666667C0.489856 6.66667 0.320286 6.7369 0.195262 6.86193C0.0702379 6.98695 0 7.15652 0 7.33333L0 10.6667C0.000712054 11.315 0.19023 11.9491 0.545401 12.4914C0.900573 13.0338 1.40602 13.461 2 13.7208V15.3333H3.33333V14H12.6667V15.3333H14V13.7208C14.594 13.461 15.0994 13.0338 15.4546 12.4914C15.8098 11.9491 15.9993 11.315 16 10.6667V7.33333C16 7.15652 15.9298 6.98695 15.8047 6.86193C15.6797 6.7369 15.5101 6.66667 15.3333 6.66667ZM3.33333 12.6667C3.33353 12.4899 3.40383 12.3205 3.52881 12.1955C3.6538 12.0705 3.82325 12.0002 4 12H12C12.1768 12.0002 12.3462 12.0705 12.4712 12.1955C12.5962 12.3205 12.6665 12.4899 12.6667 12.6667H3.33333ZM14.6667 10.6667C14.6667 10.9601 14.6021 11.2499 14.4774 11.5154C14.3527 11.781 14.171 12.0159 13.9453 12.2032C13.8405 11.766 13.5917 11.3766 13.2389 11.0979C12.886 10.8192 12.4497 10.6673 12 10.6667H4C3.55035 10.6673 3.11399 10.8192 2.76114 11.0979C2.40829 11.3766 2.15948 11.766 2.05475 12.2032C1.82899 12.0159 1.6473 11.781 1.52261 11.5154C1.39792 11.2499 1.3333 10.9601 1.33333 10.6667V8H14.6667V10.6667Z\" fill=\"#B0BEC5\"\/>\n                                <\/g>\n                                <defs>\n                                <clipPath id=\"clip0\">\n                                <rect width=\"16\" height=\"16\" fill=\"white\"\/>\n                                <\/clipPath>\n                                <\/defs>\n                            <\/svg>                                                    <span>\n                                            <b>1<\/b> <span>ba\u00f1o<\/span>                                    <\/span>\n            <\/li>\n\t\t<\/ul><div class=\"es-address es-listing--hide-on-list\">ALQUILER EN PUERTO DEPORTIVO DE TOMAS MAESTRE<\/div>                <\/div>\n                <div class=\"es-listing__content__right es-listing--hide-on-grid\">\n                    <div class=\"es-property__control es-listing--hide-on-grid\">\n                        \n<ul class=\"js-es-control es-control es-control--property-content\">\n\t        <li class=\"es-control__item es-control__item--compare\">\n\t\t\t                <a href=\"#\" data-popup-id=\"#es-authentication-popup\" class=\"es-btn__compare es-btn es-btn--default es-btn--big es-btn--icon js-es-popup-link\">\n                    <span class=\"es-icon es-icon_scales\"><\/span>\n                    <span class=\"es-btn__label\">Compare<\/span>\n                <\/a>\n\t\t\t\t\t\t        <\/li>\n\t\t        <li class=\"es-control__item es-control__item--wishlist\">\n\t\t\t            <a href=\"#\" data-popup-id=\"#es-authentication-popup\" class=\"es-btn__wishlist es-btn es-btn--default es-btn--big es-btn--icon js-es-popup-link\">\n\t\t\t\t                    <span class=\"es-icon es-icon_heart\"><\/span>\n                    <span class=\"es-btn__label\">Salvar\n<\/span>\n                <\/a>\n        <\/li>\n\t\t\t<\/ul>                    <\/div>\n                    <span class=\"es-price\">\u20ac2,400<\/span>                                    <\/div>\n            <\/div>\n            <div class=\"es-listing__footer\">\n                <ul class=\"es-listing__terms\">\n                                    <li><a href=\"https:\/\/kimainmobiliaria.com\/index.php\/property-category\/barcos-en-alquiler\/\">Barcos en alquiler<\/a><\/li>\n                        <\/ul>\n                            <\/div>\n\n                    <\/div>\n    <\/div>\n    <\/div>\n                        <\/div>\n\t    <div class='es-powered content-font'>Powered by <a target='_blank' href='https:\/\/estatik.net'>Estatik<\/a><\/div><\/div>\n    <\/div>\n    <div class=\"js-es-properties__map es-properties__map \">\n\t        <div class=\"es-map-error content-font\">\n        \u00a1UPS! Esta p\u00e1gina no carg\u00f3 Google Maps correctamente. P\u00f3ngase en contacto con el administrador para solucionar este problema.    <\/div>\n    <\/div>\n<\/div>\n\n    <\/div>\n<\/span><\/p>\n<p>[\/et_pb_text][\/et_pb_column][\/et_pb_row][\/et_pb_section]<\/p>\n","protected":false},"excerpt":{"rendered":"[et_pb_section fb_built=&#8221;1&#8243; custom_padding_last_edited=&#8221;on|phone&#8221; _builder_version=&#8221;4.25.1&#8243; background_image=&#8221;https:\/\/kimainmobiliaria.com\/wp-content\/uploads\/2024\/05\/Screenshot_20240430_102719_Google-scaled.jpg&#8221; background_position=&#8221;top_right&#8221; background_video_width=&#8221;3000&#8243; background_video_height=&#8221;3000&#8243; custom_padding=&#8221;90px||81px||false|&#8221; custom_padding_tablet=&#8221;90px||229px||false|&#8221;...","protected":false},"author":1,"featured_media":0,"parent":0,"menu_order":0,"comment_status":"closed","ping_status":"closed","template":"","meta":{"_et_pb_use_builder":"on","_et_pb_old_content":"<!-- wp:divi\/placeholder \/-->","_et_gb_content_width":"","footnotes":""},"class_list":["post-71440","page","type-page","status-publish","hentry"],"_links":{"self":[{"href":"https:\/\/kimainmobiliaria.com\/index.php\/wp-json\/wp\/v2\/pages\/71440","targetHints":{"allow":["GET"]}}],"collection":[{"href":"https:\/\/kimainmobiliaria.com\/index.php\/wp-json\/wp\/v2\/pages"}],"about":[{"href":"https:\/\/kimainmobiliaria.com\/index.php\/wp-json\/wp\/v2\/types\/page"}],"author":[{"embeddable":true,"href":"https:\/\/kimainmobiliaria.com\/index.php\/wp-json\/wp\/v2\/users\/1"}],"replies":[{"embeddable":true,"href":"https:\/\/kimainmobiliaria.com\/index.php\/wp-json\/wp\/v2\/comments?post=71440"}],"version-history":[{"count":10,"href":"https:\/\/kimainmobiliaria.com\/index.php\/wp-json\/wp\/v2\/pages\/71440\/revisions"}],"predecessor-version":[{"id":72942,"href":"https:\/\/kimainmobiliaria.com\/index.php\/wp-json\/wp\/v2\/pages\/71440\/revisions\/72942"}],"wp:attachment":[{"href":"https:\/\/kimainmobiliaria.com\/index.php\/wp-json\/wp\/v2\/media?parent=71440"}],"curies":[{"name":"wp","href":"https:\/\/api.w.org\/{rel}","templated":true}]}}