{"id":71787,"date":"2024-04-30T11:12:52","date_gmt":"2024-04-30T11:12:52","guid":{"rendered":"https:\/\/kimainmobiliaria.com\/?page_id=71787"},"modified":"2024-09-24T11:41:36","modified_gmt":"2024-09-24T11:41:36","slug":"caravanas-y-mobil-home","status":"publish","type":"page","link":"https:\/\/kimainmobiliaria.com\/index.php\/caravanas-y-mobil-home\/","title":{"rendered":"Caravanas y mobil-home"},"content":{"rendered":"<p>[et_pb_section fb_built=&#8221;1&#8243; custom_padding_last_edited=&#8221;on|phone&#8221; _builder_version=&#8221;4.27.0&#8243; background_image=&#8221;https:\/\/kimainmobiliaria.com\/wp-content\/uploads\/2024\/09\/2148301306.jpg&#8221; background_enable_video_mp4=&#8221;off&#8221; background_video_width=&#8221;3000&#8243; background_video_height=&#8221;3000&#8243; custom_padding=&#8221;90px||101px||false|&#8221; custom_padding_tablet=&#8221;90px||229px||false|&#8221; custom_padding_phone=&#8221;90px||154px||false|&#8221; animation_style=&#8221;fade&#8221; locked=&#8221;off&#8221; global_colors_info=&#8221;{}&#8221;][et_pb_row use_custom_gutter=&#8221;on&#8221; gutter_width=&#8221;2&#8243; make_equal=&#8221;on&#8221; _builder_version=&#8221;4.24.2&#8243; width=&#8221;96%&#8221; width_tablet=&#8221;90%&#8221; width_phone=&#8221;90%&#8221; width_last_edited=&#8221;on|desktop&#8221; max_width=&#8221;1200px&#8221; max_width_tablet=&#8221;90%&#8221; max_width_phone=&#8221;90%&#8221; max_width_last_edited=&#8221;on|tablet&#8221; global_colors_info=&#8221;{}&#8221;][et_pb_column type=&#8221;4_4&#8243; _builder_version=&#8221;4.16&#8243; custom_padding=&#8221;|||&#8221; global_colors_info=&#8221;{}&#8221; custom_padding__hover=&#8221;|||&#8221;][et_pb_text _builder_version=&#8221;4.27.0&#8243; header_font=&#8221;|700|||||||&#8221; header_text_color=&#8221;#274069&#8243; header_font_size=&#8221;50px&#8221; header_line_height=&#8221;1.3em&#8221; custom_padding=&#8221;64px||&#8221; custom_padding_tablet=&#8221;&#8221; custom_padding_phone=&#8221;0px||&#8221; custom_padding_last_edited=&#8221;on|desktop&#8221; animation_style=&#8221;slide&#8221; animation_direction=&#8221;left&#8221; animation_duration=&#8221;1400ms&#8221; hover_enabled=&#8221;0&#8243; header_font_size_tablet=&#8221;&#8221; header_font_size_phone=&#8221;30px&#8221; header_font_size_last_edited=&#8221;on|desktop&#8221; header_text_shadow_style=&#8221;preset2&#8243; header_text_shadow_color=&#8221;#FFFFFF&#8221; global_colors_info=&#8221;{}&#8221; sticky_enabled=&#8221;0&#8243;]<\/p>\n<h1 style=\"text-align: center;\"><span>Kima Houses &amp; Boats<\/span><\/h1>\n<h1 style=\"text-align: center;\">Caravanas y mobil-home<\/h1>\n<p>[\/et_pb_text][\/et_pb_column][\/et_pb_row][\/et_pb_section][et_pb_section fb_built=&#8221;1&#8243; _builder_version=&#8221;4.24.2&#8243; _module_preset=&#8221;default&#8221; global_colors_info=&#8221;{}&#8221;][et_pb_row _builder_version=&#8221;4.24.2&#8243; _module_preset=&#8221;default&#8221; global_colors_info=&#8221;{}&#8221;][et_pb_column type=&#8221;4_4&#8243; _builder_version=&#8221;4.24.2&#8243; _module_preset=&#8221;default&#8221; global_colors_info=&#8221;{}&#8221;][et_pb_text _builder_version=&#8221;4.25.0&#8243; _module_preset=&#8221;default&#8221; locked=&#8221;off&#8221; global_colors_info=&#8221;{}&#8221;]<\/p>\n<p><span>    <div data-search-form-selector='.js-es-search:not(.es-search--ignore-ajax)'>\n\n<div class=\"es-properties js-es-properties js-es-entities-wrap es-properties--hfm--full-width\">\n    \n    <div class=\"es-properties__list\">\n\t    \n<div class=\"es-listings__wrap-inner js-es-listings__wrap-inner js-es-entities__wrap_inner et_smooth_scroll_disabled\">\n    <div class=\"es-listings-filter js-es-listings-filter\">\n    \n        \n    <div class=\"es-listings-filter__selects\">\n                                                <div class=\"es-form\">\n                \n                               <div class='js-es-field es-field es-field__sort es-field--select '>\n                                   <label for='es-field-sort'><span class='es-field__label'>Ordenar por\n<\/span>\n\t\t\t<select id=\"es-field-sort\" name=\"sort\" class=\"js-es-sort es-field__input\" ><option value=\"newest\"  selected='selected'>El m\u00e1s nuevo\n<\/option><option value=\"lowest_price\" >El precio m\u00e1s bajo<\/option><option value=\"highest_price\" >Precio m\u00e1s alto<\/option><option value=\"largest_sq_ft\" >pies cuadrados m\u00e1s grandes\n<\/option><option value=\"bedrooms\" >Dormitorios<\/option><option value=\"bathrooms\" >Ba\u00f1os\n<\/option><\/select>\n\t\t<\/label>\n                               <\/div>\n                                       <\/div>\n                                                            <ul class=\"js-es-control--layouts es-control es-control--layouts\">\n    <li class=\"es-control__grid\">\n        <a href=\"\/index.php\/wp-json\/wp\/v2\/pages\/71787?layout=grid-3\" data-layout=\"grid-3\" class=\"js-es-change-layout es-btn es-btn--icon es-btn--gray es-btn--big es-btn--active\">\n            <span class=\"es-icon es-icon_grid\"><\/span>\n        <\/a>\n    <\/li>\n    <li class=\"es-control__list\">\n        <a href=\"\/index.php\/wp-json\/wp\/v2\/pages\/71787?layout=list\" data-layout=\"list\" class=\"js-es-change-layout es-btn es-btn--icon es-btn--gray es-btn--big \">\n            <span class=\"es-icon es-icon_grid-row\"><\/span>\n        <\/a>\n    <\/li>\n    <li class=\"es-control__hfm\">\n        <a href=\"\/index.php\/wp-json\/wp\/v2\/pages\/71787?layout=half_map\" data-layout=\"half_map\" class=\"js-es-change-layout es-btn es-btn--icon es-btn--gray es-btn--big \">\n            <span class=\"es-icon es-icon_marker\"><\/span>\n        <\/a>\n    <\/li>\n<\/ul>\n                        <\/div>\n<\/div>\n\n\n    <div data-entity=\"listings\" class=\"js-es-listings js-es-entities es-listings es-listings--grid-3\" data-layout=\"es-listings--grid-3\" data-hash=\"bGF5b3V0PWdyaWQtMyZwb3N0c19wZXJfcGFnZT00MCZkaXNhYmxlX25hdmJhcj0wJnNob3dfc29ydD0xJnNob3dfdG90YWw9MSZzaG93X3BhZ2VfdGl0bGU9MSZzaG93X2N1cnJlbmNpZXM9MCZzaG93X2NhdGVnb3JpZXM9MCZzaG93X2xheW91dHM9MSZzb3J0PW5ld2VzdCZsaW1pdD0xMDAmbG9vcF91aWQ9MSZwYWdlX3RpdGxlPUNhcmF2YW5hcyB5IG1vYmlsLWhvbWUmaWdub3JlX3NlYXJjaD0wJnNlYXJjaF9mb3JtX3NlbGVjdG9yPS5qcy1lcy1zZWFyY2g6bm90KC5lcy1zZWFyY2gtLWlnbm9yZS1hamF4KSZlbmFibGVfc2VhcmNoPTAmc2VhcmNoX3R5cGU9c2ltcGxlJmVuYWJsZV9hamF4PTEmdmlld19hbGxfbGlua19uYW1lPVZlciB0b2RvJmRpc2FibGVfcGFnaW5hdGlvbj0wJndpc2hsaXN0X2NvbmZpcm09MCZoZm1fZnVsbF93aWR0aD0xJl9pZ25vcmVfY29vcmRpbmF0ZXM9MCZmaWVsZHNfZGVsaW1pdGVyPSwmc3RyaWN0X2FkZHJlc3M9MCZtYXBfc2hvdz0wJmF1dGhvcnM9MCYwPWVzX215X2xpc3RpbmcmZXNfY2F0ZWdvcnk9MTU2\">\n                                        <div id=\"post-71611\" class=\"post-71611 properties type-properties status-publish has-post-thumbnail hentry es_category-caravanas-y-mobil-home es-post-entity\">\n    <div class=\"js-es-listing es-listing es-listing--71611\" data-post-id=\"71611\">\n        \n<div class=\"es-listing__image\">\n            <div class=\"es-property__control es-listing--hide-on-list\">\n        \n<ul class=\"js-es-control es-control es-control--property-image\">\n\t        <li class=\"es-control__item es-control__item--compare\">\n\t\t\t                <a href=\"#\" data-popup-id=\"#es-authentication-popup\" class=\"es-btn__compare es-btn es-btn--default es-btn--small es-btn--icon js-es-popup-link\">\n                    <span class=\"es-icon es-icon_scales\"><\/span>\n                    <span class=\"es-btn__label\">Compare<\/span>\n                <\/a>\n\t\t\t\t\t\t        <\/li>\n\t\t        <li class=\"es-control__item es-control__item--wishlist\">\n\t\t\t            <a href=\"#\" data-popup-id=\"#es-authentication-popup\" class=\"es-btn__wishlist es-btn es-btn--default es-btn--small es-btn--icon js-es-popup-link\">\n\t\t\t\t                    <span class=\"es-icon es-icon_heart\"><\/span>\n                    <span class=\"es-btn__label\">Salvar\n<\/span>\n                <\/a>\n        <\/li>\n\t\t\t<\/ul>    <\/div>\n            <div class=\"es-listing__image__slider js-es-slick\" data-slick=\"{&quot;slidesToShow&quot;:1,&quot;dots&quot;:true,&quot;infinite&quot;:true,&quot;arrows&quot;:true,&quot;prevArrow&quot;:&quot;&lt;button class=&#039;slick-prev&#039;&gt;&lt;span class=&#039;es-icon es-icon_chevron-left slick-prev&#039;&gt;&lt;\\\/span&gt;&lt;\\\/button&gt;&quot;,&quot;nextArrow&quot;:&quot;&lt;button class=&#039;slick-next&#039;&gt;&lt;span class=&#039;es-icon es-icon_chevron-right slick-next&#039;&gt;&lt;\\\/span&gt;&lt;\\\/button&gt;&quot;,&quot;slide&quot;:&quot;div&quot;,&quot;rows&quot;:0,&quot;adaptiveHeight&quot;:true,&quot;dotsClass&quot;:&quot;es-slick-dots&quot;,&quot;lazyLoad&quot;:&quot;ondemand&quot;}\">\n                            <div>\n                    <a class=\"es-listings__image__link\"  href=\"https:\/\/kimainmobiliaria.com\/index.php\/property\/mobilhome-8x3\/\">\n                        <img title=\"Mobilhome 8x3\" alt=\"Mobilhome 8x3\" data-lazy=\"https:\/\/kimainmobiliaria.com\/wp-content\/uploads\/2024\/04\/Screenshot_20240418_103456_Wallapop-1024x453.jpg\"\/>\n                    <\/a>\n                <\/div>\n                            <div>\n                    <a class=\"es-listings__image__link\"  href=\"https:\/\/kimainmobiliaria.com\/index.php\/property\/mobilhome-8x3\/\">\n                        <img title=\"Mobilhome 8x3\" alt=\"Mobilhome 8x3\" data-lazy=\"https:\/\/kimainmobiliaria.com\/wp-content\/uploads\/2024\/04\/Screenshot_20240418_103500_Wallapop-1024x463.jpg\"\/>\n                    <\/a>\n                <\/div>\n                            <div>\n                    <a class=\"es-listings__image__link\"  href=\"https:\/\/kimainmobiliaria.com\/index.php\/property\/mobilhome-8x3\/\">\n                        <img title=\"Mobilhome 8x3\" alt=\"Mobilhome 8x3\" data-lazy=\"https:\/\/kimainmobiliaria.com\/wp-content\/uploads\/2024\/04\/Screenshot_20240418_103505_Wallapop-479x1024.jpg\"\/>\n                    <\/a>\n                <\/div>\n                            <div>\n                    <a class=\"es-listings__image__link\"  href=\"https:\/\/kimainmobiliaria.com\/index.php\/property\/mobilhome-8x3\/\">\n                        <img title=\"Mobilhome 8x3\" alt=\"Mobilhome 8x3\" data-lazy=\"https:\/\/kimainmobiliaria.com\/wp-content\/uploads\/2024\/04\/Screenshot_20240418_103510_Wallapop-463x1024.jpg\"\/>\n                    <\/a>\n                <\/div>\n                            <div>\n                    <a class=\"es-listings__image__link\"  href=\"https:\/\/kimainmobiliaria.com\/index.php\/property\/mobilhome-8x3\/\">\n                        <img title=\"Mobilhome 8x3\" alt=\"Mobilhome 8x3\" data-lazy=\"https:\/\/kimainmobiliaria.com\/wp-content\/uploads\/2024\/04\/Screenshot_20240418_103514_Wallapop-473x1024.jpg\"\/>\n                    <\/a>\n                <\/div>\n                    <\/div>\n    <\/div>\n \n        <div class=\"es-listing__content\">\n            <div class=\"es-listing__content__inner\">\n                <div class=\"es-listing__content__left\">\n                    <h1 class=\"es-listing__title\">\n                        <a href=\"https:\/\/kimainmobiliaria.com\/index.php\/property\/mobilhome-8x3\/\">MOBILHOME 8X3<\/a><\/h1>                    <div class='es-badges es-listing--hide-on-list'>\n                        <span class=\"es-price\">\u20ac8,300<\/span><\/div>\n                    <div class=\"es-address es-listing--hide-on-grid\">MOBILHOME 8X3<\/div>                        <p class=\"es-excerpt es-listing--hide-on-grid\">MOBILHOME COMPLETAMENTE EQUIPADA, DOS DORMITORIOS,\u00a0 COCINA Y BA\u00d1O. PERFECTA PARA...<\/p>\n                    <ul class=\"es-listing__meta\">            <li class=\"es-listing__meta-area\">\n                                                            <svg width=\"16\" height=\"16\" viewBox=\"0 0 16 16\" fill=\"none\" xmlns=\"http:\/\/www.w3.org\/2000\/svg\">\n                            <path fill-rule=\"evenodd\" clip-rule=\"evenodd\" d=\"M15.3334 10.6667V5.33333C15.3334 4.59695 14.7364 4 14 4H2.00002C1.26364 4 0.666687 4.59695 0.666687 5.33333V10.6667C0.666687 11.403 1.26364 12 2.00002 12H14C14.7364 12 15.3334 11.403 15.3334 10.6667ZM2.00002 5.33333H3.33335V7.33333H4.66669V5.33333H6.00002V8.66667H7.33335V5.33333H8.66669V7.33333H10V5.33333H11.3334V8.66667H12.6667V5.33333H14V10.6667H2.00002V5.33333Z\" fill=\"#B0BEC5\"\/>\n                        <\/svg>                                                    <span>\n                                            <b>23<\/b> <span>m\u00b2<\/span>                                    <\/span>\n            <\/li>\n\t\t<\/ul><div class=\"es-address es-listing--hide-on-list\">MOBILHOME 8X3<\/div>                <\/div>\n                <div class=\"es-listing__content__right es-listing--hide-on-grid\">\n                    <div class=\"es-property__control es-listing--hide-on-grid\">\n                        \n<ul class=\"js-es-control es-control es-control--property-content\">\n\t        <li class=\"es-control__item es-control__item--compare\">\n\t\t\t                <a href=\"#\" data-popup-id=\"#es-authentication-popup\" class=\"es-btn__compare es-btn es-btn--default es-btn--big es-btn--icon js-es-popup-link\">\n                    <span class=\"es-icon es-icon_scales\"><\/span>\n                    <span class=\"es-btn__label\">Compare<\/span>\n                <\/a>\n\t\t\t\t\t\t        <\/li>\n\t\t        <li class=\"es-control__item es-control__item--wishlist\">\n\t\t\t            <a href=\"#\" data-popup-id=\"#es-authentication-popup\" class=\"es-btn__wishlist es-btn es-btn--default es-btn--big es-btn--icon js-es-popup-link\">\n\t\t\t\t                    <span class=\"es-icon es-icon_heart\"><\/span>\n                    <span class=\"es-btn__label\">Salvar\n<\/span>\n                <\/a>\n        <\/li>\n\t\t\t<\/ul>                    <\/div>\n                    <span class=\"es-price\">\u20ac8,300<\/span>                                    <\/div>\n            <\/div>\n            <div class=\"es-listing__footer\">\n                <ul class=\"es-listing__terms\">\n                                    <li><a href=\"https:\/\/kimainmobiliaria.com\/index.php\/property-category\/caravanas-y-mobil-home\/\">Caravanas y mobil-home<\/a><\/li>\n                        <\/ul>\n                            <\/div>\n\n                    <\/div>\n    <\/div>\n    <\/div>\n                        <\/div>\n\t    <div class='es-powered content-font'>Powered by <a target='_blank' href='https:\/\/estatik.net'>Estatik<\/a><\/div><\/div>\n    <\/div>\n    <div class=\"js-es-properties__map es-properties__map \">\n\t        <div class=\"es-map-error content-font\">\n        \u00a1UPS! Esta p\u00e1gina no carg\u00f3 Google Maps correctamente. P\u00f3ngase en contacto con el administrador para solucionar este problema.    <\/div>\n    <\/div>\n<\/div>\n\n    <\/div>\n<\/span><\/p>\n<p>[\/et_pb_text][\/et_pb_column][\/et_pb_row][\/et_pb_section]<\/p>\n","protected":false},"excerpt":{"rendered":"[et_pb_section fb_built=&#8221;1&#8243; custom_padding_last_edited=&#8221;on|phone&#8221; _builder_version=&#8221;4.27.0&#8243; background_image=&#8221;https:\/\/kimainmobiliaria.com\/wp-content\/uploads\/2024\/09\/2148301306.jpg&#8221; background_enable_video_mp4=&#8221;off&#8221; background_video_width=&#8221;3000&#8243; background_video_height=&#8221;3000&#8243; custom_padding=&#8221;90px||101px||false|&#8221; custom_padding_tablet=&#8221;90px||229px||false|&#8221;...","protected":false},"author":1,"featured_media":0,"parent":0,"menu_order":0,"comment_status":"closed","ping_status":"closed","template":"","meta":{"_et_pb_use_builder":"on","_et_pb_old_content":"<!-- wp:divi\/placeholder \/-->","_et_gb_content_width":"","footnotes":""},"class_list":["post-71787","page","type-page","status-publish","hentry"],"_links":{"self":[{"href":"https:\/\/kimainmobiliaria.com\/index.php\/wp-json\/wp\/v2\/pages\/71787","targetHints":{"allow":["GET"]}}],"collection":[{"href":"https:\/\/kimainmobiliaria.com\/index.php\/wp-json\/wp\/v2\/pages"}],"about":[{"href":"https:\/\/kimainmobiliaria.com\/index.php\/wp-json\/wp\/v2\/types\/page"}],"author":[{"embeddable":true,"href":"https:\/\/kimainmobiliaria.com\/index.php\/wp-json\/wp\/v2\/users\/1"}],"replies":[{"embeddable":true,"href":"https:\/\/kimainmobiliaria.com\/index.php\/wp-json\/wp\/v2\/comments?post=71787"}],"version-history":[{"count":6,"href":"https:\/\/kimainmobiliaria.com\/index.php\/wp-json\/wp\/v2\/pages\/71787\/revisions"}],"predecessor-version":[{"id":72940,"href":"https:\/\/kimainmobiliaria.com\/index.php\/wp-json\/wp\/v2\/pages\/71787\/revisions\/72940"}],"wp:attachment":[{"href":"https:\/\/kimainmobiliaria.com\/index.php\/wp-json\/wp\/v2\/media?parent=71787"}],"curies":[{"name":"wp","href":"https:\/\/api.w.org\/{rel}","templated":true}]}}